{"id":4883,"date":"2025-08-12T21:16:48","date_gmt":"2025-08-12T19:16:48","guid":{"rendered":"https:\/\/havariekonstrukci.cz\/konference-2025\/prihlasovanie\/"},"modified":"2025-11-04T21:24:59","modified_gmt":"2025-11-04T20:24:59","slug":"prihlasovanie","status":"publish","type":"page","link":"https:\/\/havariekonstrukci.cz\/sk\/konference-2025\/prihlasovanie\/","title":{"rendered":"Prihlasovanie"},"content":{"rendered":"[vc_row type=&#8220;in_container&#8220; full_screen_row_position=&#8220;middle&#8220; column_margin=&#8220;default&#8220; column_direction=&#8220;default&#8220; column_direction_tablet=&#8220;default&#8220; column_direction_phone=&#8220;default&#8220; scene_position=&#8220;center&#8220; top_padding=&#8220;3%&#8220; constrain_group_1=&#8220;yes&#8220; bottom_padding=&#8220;3%&#8220; text_color=&#8220;dark&#8220; text_align=&#8220;center&#8220; row_border_radius=&#8220;none&#8220; row_border_radius_applies=&#8220;bg&#8220; overflow=&#8220;visible&#8220; overlay_strength=&#8220;0.3&#8243; gradient_direction=&#8220;left_to_right&#8220; shape_divider_position=&#8220;bottom&#8220; bg_image_animation=&#8220;none&#8220; gradient_type=&#8220;default&#8220; shape_type=&#8220;&#8220;][vc_column column_padding=&#8220;no-extra-padding&#8220; column_padding_tablet=&#8220;inherit&#8220; column_padding_phone=&#8220;inherit&#8220; column_padding_position=&#8220;all&#8220; column_element_direction_desktop=&#8220;default&#8220; column_element_spacing=&#8220;default&#8220; desktop_text_alignment=&#8220;default&#8220; tablet_text_alignment=&#8220;default&#8220; phone_text_alignment=&#8220;default&#8220; background_color_opacity=&#8220;1&#8243; background_hover_color_opacity=&#8220;1&#8243; column_backdrop_filter=&#8220;none&#8220; column_shadow=&#8220;none&#8220; column_border_radius=&#8220;none&#8220; column_link_target=&#8220;_self&#8220; column_position=&#8220;default&#8220; gradient_direction=&#8220;left_to_right&#8220; overlay_strength=&#8220;0.3&#8243; width=&#8220;1\/1&#8243; tablet_width_inherit=&#8220;default&#8220; animation_type=&#8220;default&#8220; bg_image_animation=&#8220;none&#8220; border_type=&#8220;simple&#8220; column_border_width=&#8220;none&#8220; column_border_style=&#8220;solid&#8220; column_padding_type=&#8220;default&#8220; gradient_type=&#8220;default&#8220; offset=&#8220;vc_hidden-sm vc_hidden-xs&#8220;][vc_row_inner column_margin=&#8220;default&#8220; column_direction=&#8220;default&#8220; column_direction_tablet=&#8220;default&#8220; column_direction_phone=&#8220;default&#8220; text_align=&#8220;left&#8220; row_position=&#8220;default&#8220; row_position_tablet=&#8220;inherit&#8220; row_position_phone=&#8220;inherit&#8220; overflow=&#8220;visible&#8220; pointer_events=&#8220;all&#8220;][vc_column_inner column_padding=&#8220;no-extra-padding&#8220; column_padding_tablet=&#8220;inherit&#8220; column_padding_phone=&#8220;inherit&#8220; column_padding_position=&#8220;all&#8220; column_element_direction_desktop=&#8220;default&#8220; column_element_spacing=&#8220;default&#8220; desktop_text_alignment=&#8220;default&#8220; tablet_text_alignment=&#8220;default&#8220; phone_text_alignment=&#8220;default&#8220; background_color_opacity=&#8220;1&#8243; background_hover_color_opacity=&#8220;1&#8243; column_backdrop_filter=&#8220;none&#8220; column_shadow=&#8220;none&#8220; column_border_radius=&#8220;none&#8220; column_link_target=&#8220;_self&#8220; overflow=&#8220;visible&#8220; gradient_direction=&#8220;left_to_right&#8220; overlay_strength=&#8220;0.3&#8243; width=&#8220;1\/1&#8243; tablet_width_inherit=&#8220;default&#8220; animation_type=&#8220;default&#8220; bg_image_animation=&#8220;none&#8220; border_type=&#8220;simple&#8220; column_border_width=&#8220;none&#8220; column_border_style=&#8220;solid&#8220;][nectar_responsive_text font_size_desktop=&#8220;2vw&#8220; font_line_height=&#8220;1.2&#8243;]\n<h2>Prihl\u00e1\u0161ka na konferenciu<\/h2>\n[\/nectar_responsive_text][nectar_responsive_text font_size_desktop=&#8220;2vw&#8220; font_line_height=&#8220;1.2&#8243;]\n<h1><strong>Hav\u00e1rie kon\u0161trukci\u00ed v stavebn\u00edctve <\/strong><strong>2025<\/strong><\/h1>\n[\/nectar_responsive_text][\/vc_column_inner][\/vc_row_inner][vc_row_inner column_margin=&#8220;default&#8220; column_direction=&#8220;default&#8220; column_direction_tablet=&#8220;default&#8220; column_direction_phone=&#8220;default&#8220; text_align=&#8220;left&#8220; row_position=&#8220;default&#8220; row_position_tablet=&#8220;inherit&#8220; row_position_phone=&#8220;inherit&#8220; overflow=&#8220;visible&#8220; pointer_events=&#8220;all&#8220;][vc_column_inner column_padding=&#8220;no-extra-padding&#8220; column_padding_tablet=&#8220;inherit&#8220; column_padding_phone=&#8220;inherit&#8220; column_padding_position=&#8220;all&#8220; column_element_direction_desktop=&#8220;default&#8220; column_element_spacing=&#8220;default&#8220; desktop_text_alignment=&#8220;default&#8220; tablet_text_alignment=&#8220;default&#8220; phone_text_alignment=&#8220;default&#8220; background_color_opacity=&#8220;1&#8243; background_hover_color_opacity=&#8220;1&#8243; column_backdrop_filter=&#8220;none&#8220; column_shadow=&#8220;none&#8220; column_border_radius=&#8220;none&#8220; column_link_target=&#8220;_self&#8220; overflow=&#8220;visible&#8220; gradient_direction=&#8220;left_to_right&#8220; overlay_strength=&#8220;0.3&#8243; width=&#8220;1\/1&#8243; tablet_width_inherit=&#8220;default&#8220; animation_type=&#8220;default&#8220; bg_image_animation=&#8220;none&#8220; border_type=&#8220;simple&#8220; column_border_width=&#8220;none&#8220; column_border_style=&#8220;solid&#8220;][nectar_responsive_text]6. novembra 2025, Hotel Veverica, Kuku\u010d\u00ednova 76\/42, 911 81 Tren\u010d\u00edn, Slovensko[\/nectar_responsive_text][\/vc_column_inner][\/vc_row_inner][vc_column_text]V\u0161etci \u0161tudenti vysok\u00fdch \u0161k\u00f4l a zamestnanci stavebn\u00fdch \u00faradov sa m\u00f4\u017eu bezplatne z\u00fa\u010dastni\u0165 online[\/vc_column_text][\/vc_column][\/vc_row][vc_row type=&#8220;in_container&#8220; full_screen_row_position=&#8220;middle&#8220; column_margin=&#8220;default&#8220; column_direction=&#8220;default&#8220; column_direction_tablet=&#8220;default&#8220; column_direction_phone=&#8220;default&#8220; scene_position=&#8220;center&#8220; text_color=&#8220;dark&#8220; text_align=&#8220;center&#8220; row_border_radius=&#8220;none&#8220; row_border_radius_applies=&#8220;bg&#8220; overflow=&#8220;visible&#8220; overlay_strength=&#8220;0.3&#8243; gradient_direction=&#8220;left_to_right&#8220; shape_divider_position=&#8220;bottom&#8220; bg_image_animation=&#8220;none&#8220; gradient_type=&#8220;default&#8220; shape_type=&#8220;&#8220;][vc_column column_padding=&#8220;no-extra-padding&#8220; column_padding_tablet=&#8220;inherit&#8220; column_padding_phone=&#8220;inherit&#8220; column_padding_position=&#8220;all&#8220; column_element_direction_desktop=&#8220;default&#8220; column_element_spacing=&#8220;default&#8220; desktop_text_alignment=&#8220;default&#8220; tablet_text_alignment=&#8220;default&#8220; phone_text_alignment=&#8220;default&#8220; background_color_opacity=&#8220;1&#8243; background_hover_color_opacity=&#8220;1&#8243; column_backdrop_filter=&#8220;none&#8220; column_shadow=&#8220;none&#8220; column_border_radius=&#8220;none&#8220; column_link_target=&#8220;_self&#8220; column_position=&#8220;default&#8220; gradient_direction=&#8220;left_to_right&#8220; overlay_strength=&#8220;0.3&#8243; width=&#8220;1\/1&#8243; tablet_width_inherit=&#8220;default&#8220; animation_type=&#8220;default&#8220; bg_image_animation=&#8220;none&#8220; border_type=&#8220;simple&#8220; column_border_width=&#8220;none&#8220; column_border_style=&#8220;solid&#8220;][vc_raw_html]PGRpdiBzdHlsZT0ibWF4LXdpZHRoOjk4MHB4O21hcmdpbjowIGF1dG87b3ZlcmZsb3c6aGlkZGVuOyI+CiAgPGlmcmFtZSBzcmM9Imh0dHBzOi8vZG9jcy5nb29nbGUuY29tL2Zvcm1zL2QvZS8xRkFJcFFMU2ZlYVRqcFFYdDhRbEZicGRDdjI3UUxLUmpOakcwUEZPX2Y0TTFFR2RZbUhYMmxnZy92aWV3Zm9ybT9lbWJlZGRlZD10cnVlIiB0aXRsZT0iUmVnaXN0csOhY2lhIC0gS29uZmVyZW5jaWEgMjAyNSIgd2lkdGg9IjEwMCUiIGhlaWdodD0iMTMwMCIgZnJhbWVib3JkZXI9IjAiIG1hcmdpbmhlaWdodD0iMCIgbWFyZ2lud2lkdGg9IjAiIHN0eWxlPSJkaXNwbGF5OmJsb2NrO3dpZHRoOjEwMCU7aGVpZ2h0OjEzMDBweDtib3JkZXI6MDtvdmVyZmxvdzpoaWRkZW47Ij4KICBOYcSNw610YW5pZS4uLgogIDwvaWZyYW1lPgo8L2Rpdj4=[\/vc_raw_html][\/vc_column][\/vc_row][vc_row type=&#8220;in_container&#8220; full_screen_row_position=&#8220;middle&#8220; column_margin=&#8220;default&#8220; column_direction=&#8220;default&#8220; column_direction_tablet=&#8220;default&#8220; column_direction_phone=&#8220;default&#8220; scene_position=&#8220;center&#8220; top_padding=&#8220;5%&#8220; constrain_group_1=&#8220;yes&#8220; bottom_padding=&#8220;5%&#8220; text_color=&#8220;dark&#8220; text_align=&#8220;left&#8220; row_border_radius=&#8220;none&#8220; row_border_radius_applies=&#8220;bg&#8220; overflow=&#8220;visible&#8220; overlay_strength=&#8220;0.3&#8243; gradient_direction=&#8220;left_to_right&#8220; enable_shape_divider=&#8220;true&#8220; shape_divider_color=&#8220;#333333&#8243; shape_divider_position=&#8220;top&#8220; shape_divider_height=&#8220;1px&#8220; bg_image_animation=&#8220;none&#8220; gradient_type=&#8220;default&#8220; shape_type=&#8220;straight_section&#8220;][vc_column column_padding=&#8220;no-extra-padding&#8220; column_padding_tablet=&#8220;inherit&#8220; column_padding_phone=&#8220;inherit&#8220; column_padding_position=&#8220;all&#8220; top_margin_tablet=&#8220;30px&#8220; top_margin_phone=&#8220;30px&#8220; column_element_direction_desktop=&#8220;default&#8220; column_element_spacing=&#8220;10px&#8220; desktop_text_alignment=&#8220;default&#8220; tablet_text_alignment=&#8220;center&#8220; phone_text_alignment=&#8220;center&#8220; background_color_opacity=&#8220;1&#8243; background_hover_color_opacity=&#8220;1&#8243; column_backdrop_filter=&#8220;none&#8220; column_shadow=&#8220;none&#8220; column_border_radius=&#8220;none&#8220; column_link_target=&#8220;_self&#8220; column_position=&#8220;default&#8220; gradient_direction=&#8220;left_to_right&#8220; overlay_strength=&#8220;0.3&#8243; width=&#8220;1\/2&#8243; tablet_width_inherit=&#8220;default&#8220; animation_type=&#8220;default&#8220; bg_image_animation=&#8220;none&#8220; border_type=&#8220;simple&#8220; column_border_width=&#8220;none&#8220; column_border_style=&#8220;solid&#8220; column_padding_type=&#8220;default&#8220; gradient_type=&#8220;default&#8220;][split_line_heading animation_type=&#8220;line-reveal-by-space&#8220; font_style=&#8220;h2&#8243; line_reveal_by_space_text_effect=&#8220;default&#8220; stagger_animation=&#8220;true&#8220; content_alignment=&#8220;default&#8220; mobile_content_alignment=&#8220;inherit&#8220; link_target=&#8220;_self&#8220; link_indicator=&#8220;true&#8220; link_indicator_bg_color=&#8220;#dd3333&#8243; link_indicator_icon_color=&#8220;#ffffff&#8220; text_content=&#8220;Bu\u010fte s\u00fa\u010das\u0165ou diskusie o bud\u00facnosti&#8220; font_size=&#8220;1.2vw&#8220; font_size_phone=&#8220;16px&#8220; link_href=&#8220;https:\/\/havariekonstrukci.cz\/konference-2024\/prihlasovani&#8220;][\/split_line_heading][split_line_heading animation_type=&#8220;line-reveal-by-space&#8220; font_style=&#8220;h2&#8243; line_reveal_by_space_text_effect=&#8220;default&#8220; stagger_animation=&#8220;true&#8220; content_alignment=&#8220;default&#8220; mobile_content_alignment=&#8220;inherit&#8220; link_target=&#8220;_self&#8220; link_indicator=&#8220;true&#8220; link_indicator_bg_color=&#8220;#dd3333&#8243; link_indicator_icon_color=&#8220;#ffffff&#8220; text_content=&#8220;bezpe\u010dnosti stavieb na Slovensku.&#8220; font_size=&#8220;1.2vw&#8220; font_size_phone=&#8220;16px&#8220; link_href=&#8220;https:\/\/havariekonstrukci.cz\/konference-2024\/prihlasovani&#8220;][\/split_line_heading][nectar_cta btn_style=&#8220;arrow-animation&#8220; heading_tag=&#8220;h6&#8243; button_color=&#8220;default&#8220; button_border_thickness=&#8220;0px&#8220; link_type=&#8220;regular&#8220; alignment=&#8220;left&#8220; alignment_tablet=&#8220;default&#8220; alignment_phone=&#8220;default&#8220; display=&#8220;block&#8220; display_tablet=&#8220;inherit&#8220; display_phone=&#8220;inherit&#8220; link_text=&#8220;Zabezpe\u010dte si svoje miesto.&#8220; url=&#8220;https:\/\/havariekonstrukci.cz\/konference-2024\/prihlasovani&#8220;][\/vc_column][vc_column column_padding=&#8220;no-extra-padding&#8220; column_padding_tablet=&#8220;inherit&#8220; column_padding_phone=&#8220;inherit&#8220; column_padding_position=&#8220;all&#8220; top_margin_tablet=&#8220;30px&#8220; top_margin_phone=&#8220;30px&#8220; column_element_direction_desktop=&#8220;default&#8220; column_element_spacing=&#8220;5px&#8220; desktop_text_alignment=&#8220;default&#8220; tablet_text_alignment=&#8220;center&#8220; phone_text_alignment=&#8220;center&#8220; background_color_opacity=&#8220;1&#8243; background_hover_color_opacity=&#8220;1&#8243; column_backdrop_filter=&#8220;none&#8220; column_shadow=&#8220;none&#8220; column_border_radius=&#8220;none&#8220; column_link_target=&#8220;_self&#8220; column_position=&#8220;default&#8220; gradient_direction=&#8220;left_to_right&#8220; overlay_strength=&#8220;0.3&#8243; width=&#8220;1\/4&#8243; tablet_width_inherit=&#8220;default&#8220; animation_type=&#8220;default&#8220; bg_image_animation=&#8220;none&#8220; border_type=&#8220;simple&#8220; column_border_width=&#8220;none&#8220; column_border_style=&#8220;solid&#8220; column_padding_type=&#8220;default&#8220; gradient_type=&#8220;default&#8220;][vc_column_text]\n<h5>Mana\u017e\u00e9r konferencie<\/h5>\n[\/vc_column_text][nectar_cta btn_style=&#8220;underline&#8220; heading_tag=&#8220;h4&#8243; button_color=&#8220;default&#8220; button_border_thickness=&#8220;0px&#8220; link_type=&#8220;regular&#8220; alignment=&#8220;left&#8220; alignment_tablet=&#8220;default&#8220; alignment_phone=&#8220;default&#8220; display=&#8220;block&#8220; display_tablet=&#8220;inherit&#8220; display_phone=&#8220;inherit&#8220; icon_family=&#8220;none&#8220; link_text=&#8220;Ing. Stanislav Cieslar&#8220; margin_top=&#8220;10&#8243; font_size_tablet=&#8220;16px&#8220; url=&#8220;mailto:cieslar@havariekonstrukci.cz&#8220;][nectar_cta btn_style=&#8220;underline&#8220; heading_tag=&#8220;h4&#8243; button_color=&#8220;default&#8220; button_border_thickness=&#8220;0px&#8220; link_type=&#8220;regular&#8220; alignment=&#8220;left&#8220; alignment_tablet=&#8220;default&#8220; alignment_phone=&#8220;default&#8220; display=&#8220;block&#8220; display_tablet=&#8220;inherit&#8220; display_phone=&#8220;inherit&#8220; icon_family=&#8220;none&#8220; link_text=&#8220;cieslar@havariekonstrukci.cz&#8220; font_size_tablet=&#8220;16px&#8220; url=&#8220;mailto:cieslar@havariekonstrukci.cz&#8220;][nectar_cta btn_style=&#8220;underline&#8220; heading_tag=&#8220;h4&#8243; button_color=&#8220;default&#8220; button_border_thickness=&#8220;0px&#8220; link_type=&#8220;new_tab&#8220; alignment=&#8220;left&#8220; alignment_tablet=&#8220;default&#8220; alignment_phone=&#8220;default&#8220; display=&#8220;block&#8220; display_tablet=&#8220;inherit&#8220; display_phone=&#8220;inherit&#8220; icon_family=&#8220;none&#8220; link_text=&#8220;+420 604 47 47 17&#8243; font_size_tablet=&#8220;16px&#8220; url=&#8220;tel.:+420 604 47 47 17&#8243;][\/vc_column][vc_column column_padding=&#8220;no-extra-padding&#8220; column_padding_tablet=&#8220;inherit&#8220; column_padding_phone=&#8220;inherit&#8220; column_padding_position=&#8220;all&#8220; top_margin_tablet=&#8220;30px&#8220; constrain_group_3=&#8220;yes&#8220; bottom_margin_tablet=&#8220;30px&#8220; top_margin_phone=&#8220;30px&#8220; constrain_group_5=&#8220;yes&#8220; bottom_margin_phone=&#8220;30px&#8220; column_element_direction_desktop=&#8220;default&#8220; column_element_spacing=&#8220;0px&#8220; desktop_text_alignment=&#8220;default&#8220; tablet_text_alignment=&#8220;center&#8220; phone_text_alignment=&#8220;center&#8220; background_color_opacity=&#8220;1&#8243; background_hover_color_opacity=&#8220;1&#8243; column_backdrop_filter=&#8220;none&#8220; column_shadow=&#8220;none&#8220; column_border_radius=&#8220;none&#8220; column_link_target=&#8220;_self&#8220; column_position=&#8220;default&#8220; gradient_direction=&#8220;left_to_right&#8220; overlay_strength=&#8220;0.3&#8243; width=&#8220;1\/4&#8243; tablet_width_inherit=&#8220;default&#8220; animation_type=&#8220;default&#8220; bg_image_animation=&#8220;none&#8220; border_type=&#8220;simple&#8220; column_border_width=&#8220;none&#8220; column_border_style=&#8220;solid&#8220; column_padding_type=&#8220;default&#8220; gradient_type=&#8220;default&#8220;][vc_column_text]\n<h5>Soci\u00e1lne siete<\/h5>\n[\/vc_column_text][nectar_cta btn_style=&#8220;underline&#8220; heading_tag=&#8220;h4&#8243; button_color=&#8220;default&#8220; text_color=&#8220;#000000&#8243; button_border_thickness=&#8220;0px&#8220; link_type=&#8220;new_tab&#8220; alignment=&#8220;left&#8220; alignment_tablet=&#8220;default&#8220; alignment_phone=&#8220;default&#8220; constrain_group_2=&#8220;yes&#8220; display=&#8220;block&#8220; display_tablet=&#8220;inherit&#8220; display_phone=&#8220;inherit&#8220; icon_family=&#8220;none&#8220; link_text=&#8220;LinkedIn&#8220; margin_top=&#8220;10&#8243; url=&#8220;https:\/\/www.linkedin.com\/company\/havariekonstrukci\/&#8220;][nectar_cta btn_style=&#8220;underline&#8220; heading_tag=&#8220;h4&#8243; button_color=&#8220;default&#8220; text_color=&#8220;#000000&#8243; button_border_thickness=&#8220;0px&#8220; link_type=&#8220;new_tab&#8220; alignment=&#8220;left&#8220; alignment_tablet=&#8220;default&#8220; alignment_phone=&#8220;default&#8220; constrain_group_4=&#8220;yes&#8220; display=&#8220;block&#8220; display_tablet=&#8220;inherit&#8220; display_phone=&#8220;inherit&#8220; icon_family=&#8220;none&#8220; link_text=&#8220;FaceBook&#8220; url=&#8220;https:\/\/www.facebook.com\/havariekonstrukci&#8220;][nectar_cta btn_style=&#8220;underline&#8220; heading_tag=&#8220;h4&#8243; button_color=&#8220;default&#8220; text_color=&#8220;#000000&#8243; button_border_thickness=&#8220;0px&#8220; link_type=&#8220;new_tab&#8220; alignment=&#8220;left&#8220; alignment_tablet=&#8220;default&#8220; alignment_phone=&#8220;default&#8220; constrain_group_4=&#8220;yes&#8220; display=&#8220;block&#8220; display_tablet=&#8220;inherit&#8220; display_phone=&#8220;inherit&#8220; icon_family=&#8220;none&#8220; link_text=&#8220;X (Twitter)&#8220; margin_bottom=&#8220;10&#8243; url=&#8220;https:\/\/x.com\/HavarieCz&#8220;][\/vc_column][\/vc_row]\n","protected":false},"excerpt":{"rendered":"<p>[vc_row type=&#8220;in_container&#8220; full_screen_row_position=&#8220;middle&#8220; column_margin=&#8220;default&#8220; column_direction=&#8220;default&#8220; column_direction_tablet=&#8220;default&#8220; column_direction_phone=&#8220;default&#8220; scene_position=&#8220;center&#8220; top_padding=&#8220;3%&#8220; constrain_group_1=&#8220;yes&#8220; bottom_padding=&#8220;3%&#8220; text_color=&#8220;dark&#8220; text_align=&#8220;center&#8220; row_border_radius=&#8220;none&#8220; row_border_radius_applies=&#8220;bg&#8220; overflow=&#8220;visible&#8220; overlay_strength=&#8220;0.3&#8243; gradient_direction=&#8220;left_to_right&#8220; shape_divider_position=&#8220;bottom&#8220; bg_image_animation=&#8220;none&#8220; gradient_type=&#8220;default&#8220; shape_type=&#8220;&#8220;][vc_column column_padding=&#8220;no-extra-padding&#8220; column_padding_tablet=&#8220;inherit&#8220; column_padding_phone=&#8220;inherit&#8220; column_padding_position=&#8220;all&#8220; column_element_direction_desktop=&#8220;default&#8220; column_element_spacing=&#8220;default&#8220; desktop_text_alignment=&#8220;default&#8220; tablet_text_alignment=&#8220;default&#8220;&#8230;<\/p>\n","protected":false},"author":1,"featured_media":0,"parent":4766,"menu_order":0,"comment_status":"closed","ping_status":"closed","template":"","meta":{"footnotes":""},"class_list":["post-4883","page","type-page","status-publish"],"_links":{"self":[{"href":"https:\/\/havariekonstrukci.cz\/sk\/wp-json\/wp\/v2\/pages\/4883","targetHints":{"allow":["GET"]}}],"collection":[{"href":"https:\/\/havariekonstrukci.cz\/sk\/wp-json\/wp\/v2\/pages"}],"about":[{"href":"https:\/\/havariekonstrukci.cz\/sk\/wp-json\/wp\/v2\/types\/page"}],"author":[{"embeddable":true,"href":"https:\/\/havariekonstrukci.cz\/sk\/wp-json\/wp\/v2\/users\/1"}],"replies":[{"embeddable":true,"href":"https:\/\/havariekonstrukci.cz\/sk\/wp-json\/wp\/v2\/comments?post=4883"}],"version-history":[{"count":3,"href":"https:\/\/havariekonstrukci.cz\/sk\/wp-json\/wp\/v2\/pages\/4883\/revisions"}],"predecessor-version":[{"id":5571,"href":"https:\/\/havariekonstrukci.cz\/sk\/wp-json\/wp\/v2\/pages\/4883\/revisions\/5571"}],"up":[{"embeddable":true,"href":"https:\/\/havariekonstrukci.cz\/sk\/wp-json\/wp\/v2\/pages\/4766"}],"wp:attachment":[{"href":"https:\/\/havariekonstrukci.cz\/sk\/wp-json\/wp\/v2\/media?parent=4883"}],"curies":[{"name":"wp","href":"https:\/\/api.w.org\/{rel}","templated":true}]}}