{"id":2178,"date":"2024-07-20T14:05:12","date_gmt":"2024-07-20T12:05:12","guid":{"rendered":"https:\/\/havariekonstrukci.cz\/konferencia-2024\/pokyny-pre-autorov\/"},"modified":"2024-07-25T14:12:27","modified_gmt":"2024-07-25T12:12:27","slug":"pokyny-pre-autorov","status":"publish","type":"page","link":"https:\/\/havariekonstrukci.cz\/sk\/konferencia-2024\/pokyny-pre-autorov\/","title":{"rendered":"Pokyny pre autorov"},"content":{"rendered":"[vc_row type=&#8220;in_container&#8220; full_screen_row_position=&#8220;middle&#8220; column_margin=&#8220;default&#8220; column_direction=&#8220;default&#8220; column_direction_tablet=&#8220;default&#8220; column_direction_phone=&#8220;default&#8220; scene_position=&#8220;center&#8220; top_padding=&#8220;4%&#8220; bottom_padding=&#8220;2%&#8220; text_color=&#8220;dark&#8220; text_align=&#8220;left&#8220; row_border_radius=&#8220;none&#8220; row_border_radius_applies=&#8220;bg&#8220; overflow=&#8220;visible&#8220; overlay_strength=&#8220;0.3&#8243; gradient_direction=&#8220;left_to_right&#8220; shape_divider_position=&#8220;bottom&#8220; bg_image_animation=&#8220;none&#8220; gradient_type=&#8220;default&#8220; shape_type=&#8220;&#8220;][vc_column column_padding=&#8220;no-extra-padding&#8220; column_padding_tablet=&#8220;inherit&#8220; column_padding_phone=&#8220;inherit&#8220; column_padding_position=&#8220;all&#8220; column_element_direction_desktop=&#8220;default&#8220; column_element_spacing=&#8220;default&#8220; desktop_text_alignment=&#8220;default&#8220; tablet_text_alignment=&#8220;default&#8220; phone_text_alignment=&#8220;default&#8220; background_color_opacity=&#8220;1&#8243; background_hover_color_opacity=&#8220;1&#8243; column_backdrop_filter=&#8220;none&#8220; column_shadow=&#8220;none&#8220; column_border_radius=&#8220;none&#8220; column_link_target=&#8220;_self&#8220; column_position=&#8220;default&#8220; gradient_direction=&#8220;left_to_right&#8220; overlay_strength=&#8220;0.3&#8243; width=&#8220;1\/1&#8243; tablet_width_inherit=&#8220;default&#8220; animation_type=&#8220;default&#8220; bg_image_animation=&#8220;none&#8220; border_type=&#8220;simple&#8220; column_border_width=&#8220;none&#8220; column_border_style=&#8220;solid&#8220;][nectar_responsive_text font_size_desktop=&#8220;2vw&#8220; font_size_phone=&#8220;28px&#8220; font_size_tablet=&#8220;36px&#8220;]\n<h2 style=\"text-align: center;\">Pokyny pre autorov<\/h2>\n[\/nectar_responsive_text][\/vc_column][\/vc_row][vc_row type=&#8220;full_width_background&#8220; full_screen_row_position=&#8220;middle&#8220; column_margin=&#8220;default&#8220; column_direction=&#8220;default&#8220; column_direction_tablet=&#8220;default&#8220; column_direction_phone=&#8220;default&#8220; scene_position=&#8220;center&#8220; bottom_padding=&#8220;7%&#8220; text_color=&#8220;dark&#8220; text_align=&#8220;left&#8220; row_border_radius=&#8220;none&#8220; row_border_radius_applies=&#8220;bg&#8220; overflow=&#8220;visible&#8220; overlay_strength=&#8220;0.3&#8243; gradient_direction=&#8220;left_to_right&#8220; shape_divider_position=&#8220;bottom&#8220; bg_image_animation=&#8220;none&#8220; gradient_type=&#8220;default&#8220; shape_type=&#8220;&#8220;][vc_column column_padding=&#8220;padding-2-percent&#8220; column_padding_tablet=&#8220;inherit&#8220; column_padding_phone=&#8220;inherit&#8220; column_padding_position=&#8220;all&#8220; column_element_direction_desktop=&#8220;default&#8220; column_element_spacing=&#8220;default&#8220; desktop_text_alignment=&#8220;default&#8220; tablet_text_alignment=&#8220;default&#8220; phone_text_alignment=&#8220;default&#8220; background_color_opacity=&#8220;1&#8243; background_hover_color_opacity=&#8220;1&#8243; column_backdrop_filter=&#8220;none&#8220; column_shadow=&#8220;none&#8220; column_border_radius=&#8220;none&#8220; column_link_target=&#8220;_self&#8220; column_position=&#8220;default&#8220; gradient_direction=&#8220;left_to_right&#8220; overlay_strength=&#8220;0.3&#8243; width=&#8220;2\/3&#8243; tablet_width_inherit=&#8220;default&#8220; animation_type=&#8220;default&#8220; bg_image_animation=&#8220;none&#8220; border_type=&#8220;simple&#8220; column_border_width=&#8220;none&#8220; column_border_style=&#8220;solid&#8220;][toggles style=&#8220;minimal&#8220; accordion=&#8220;true&#8220; accordion_starting_functionality=&#8220;default&#8220;][toggle color=&#8220;Default&#8220; heading_tag=&#8220;default&#8220; heading_tag_functionality=&#8220;default&#8220; title=&#8220;Rozsah pr\u00edspevku&#8220;][vc_column_text]Rozsah pr\u00edspevku je max. 10 str\u00e1n form\u00e1tu A4 vr\u00e1tane obr\u00e1zkov.[\/vc_column_text][\/toggle][toggle color=&#8220;Default&#8220; heading_tag=&#8220;default&#8220; heading_tag_functionality=&#8220;default&#8220; title=&#8220;Form\u00e1tovanie&#8220;][vc_column_text]Pr\u00edspevok vypracujte v textovom procesore Microsoft Word (pr\u00edpona doc, docx).<\/p>\n<ul>\n<li>V texte pou\u017eite p\u00edsmo Times New Roman ve\u013ekosti 12.<\/li>\n<li>Ner\u00e1tajte str\u00e1nky.<\/li>\n<li>Jednoduch\u00e9 riadkovanie.<\/li>\n<li>Form\u00e1t A4 (21&#215;29,7 cm), doln\u00fd okraj 1,5 cm, horn\u00fd okraj 2,5 cm, \u013eav\u00fd aj prav\u00fd okraj 2 cm.<\/li>\n<li>Nadpis kapitoly (\u010d\u00edslova\u0165 cel\u00fdmi \u010d\u00edslami \u2013 1).<\/li>\n<li>P\u0159\u00edpadn\u00e9 podkapitoly \u010d\u00edslovat 1.1, 1.2, 1.1.1 atd..<\/li>\n<li>Tabu\u013eky, obr\u00e1zky, grafy, fotografie nenech\u00e1vajte obt\u00e1\u010da\u0165 textom, vlo\u017ete ich na po\u017eadovan\u00e9 miesto ako \u010fal\u0161\u00ed riadok, pod n\u00edm op\u00e4\u0165 pokra\u010dujte textom.<\/li>\n<\/ul>\n[\/vc_column_text][\/toggle][toggle color=&#8220;Default&#8220; heading_tag=&#8220;default&#8220; heading_tag_functionality=&#8220;default&#8220; title=&#8220;Spracovanie pr\u00edspevkov&#8220;][vc_column_text]Pr\u00edspevok spracujte v nasleduj\u00facom porad\u00ed:<\/p>\n<p><strong>1\/ N\u00e1zov pr\u00edspevku <\/strong><\/p>\n<ul>\n<li>Priezvisko, meno autora (NOV\u00c1K Peter 1, NOV\u00c1K J\u00e1n 2)<\/li>\n<li>V pr\u00edpade viacer\u00fdch autorov uve\u010fte, pros\u00edm, meno predn\u00e1\u0161aj\u00faceho na prvom mieste<\/li>\n<li>1 N\u00e1zov firmy \u2013 in\u0161tit\u00facie<\/li>\n<li>2 N\u00e1zov firmy \u2013 in\u0161tit\u00facie<\/li>\n<li>1 email, 2 email<\/li>\n<\/ul>\n<p><strong>2\/ Abstrakt<\/strong><\/p>\n<p><strong>3\/ Obsah:<\/strong> vr\u00e1tane \u00favodu a z\u00e1veru (okrem zhrnutia obsahu pr\u00edspevku uve\u010fte pr\u00edpadn\u00e9 po\u010fakovania a men\u00e1 autorov vr\u00e1tane titulov). <\/p>\n<p><strong>4\/ Zdroje: <\/strong>Pou\u017eit\u00e1 literat\u00fara v s\u00falade s normou \u010cSN ISO 690 (01 0197), platnou od 1. apr\u00edla 2011.[\/vc_column_text][\/toggle][toggle color=&#8220;Default&#8220; heading_tag=&#8220;default&#8220; heading_tag_functionality=&#8220;default&#8220; title=&#8220;Dodanie podkladov&#8220;][vc_column_text]Textov\u00fd s\u00fabor vr\u00e1tane obr\u00e1zkov posielajte vo form\u00e1te PDF a Microsoft Word. Obr\u00e1zky, grafy at\u010f. posielajte v dostato\u010dnej kvalite.   <\/p>\n<ul>\n<li>Pr\u00edspevok za\u0161lite v elektronickej podobe najnesk\u00f4r do 31. 10. 2024 na <a href=\"mailto:cieslar@havariekonstrukci.cz\"><u>cieslar@havariekonstrukci.cz<\/u><\/a> (po tomto d\u00e1tume bude do zborn\u00edka vlo\u017een\u00e1 va\u0161a predn\u00e1\u0161ka vo form\u00e1te PowerPoint).  <\/li>\n<li>S\u00fabor je mo\u017en\u00e9 posla\u0165 komprimovan\u00fd vo form\u00e1te ZIP, RAR.<\/li>\n<li>V pr\u00edpade s\u00faboru v\u00e4\u010d\u0161ieho ne\u017e 10 MB po\u0161lite pr\u00edspevok cez vybran\u00fa internetov\u00fa \u00faschov\u0148u.<\/li>\n<\/ul>\n<p>&nbsp;<\/p>\n<p>&nbsp;[\/vc_column_text][\/toggle][\/toggles][\/vc_column][vc_column column_padding=&#8220;padding-2-percent&#8220; column_padding_tablet=&#8220;inherit&#8220; column_padding_phone=&#8220;inherit&#8220; column_padding_position=&#8220;all&#8220; column_element_direction_desktop=&#8220;default&#8220; column_element_spacing=&#8220;default&#8220; desktop_text_alignment=&#8220;default&#8220; tablet_text_alignment=&#8220;default&#8220; phone_text_alignment=&#8220;default&#8220; background_color_opacity=&#8220;1&#8243; background_hover_color_opacity=&#8220;1&#8243; column_backdrop_filter=&#8220;none&#8220; column_shadow=&#8220;none&#8220; column_border_radius=&#8220;none&#8220; column_link_target=&#8220;_self&#8220; column_position=&#8220;default&#8220; gradient_direction=&#8220;left_to_right&#8220; overlay_strength=&#8220;0.3&#8243; width=&#8220;1\/3&#8243; tablet_width_inherit=&#8220;default&#8220; animation_type=&#8220;default&#8220; bg_image_animation=&#8220;none&#8220; border_type=&#8220;simple&#8220; column_border_width=&#8220;none&#8220; column_border_style=&#8220;solid&#8220;][vc_custom_heading text=&#8220;Jazykov\u00e1 a redak\u010dn\u00e1 \u00faprava&#8220; font_container=&#8220;tag:h5|font_size:16|text_align:left|color:%230a0a0a&#8220; google_fonts=&#8220;font_family:Roboto%3A100%2C100italic%2C300%2C300italic%2Cregular%2Citalic%2C500%2C500italic%2C700%2C700italic%2C900%2C900italic|font_style:700%20bold%20regular%3A700%3Anormal&#8220;][vc_column_text css=&#8220;.vc_custom_1721298934795{margin-bottom: 40px !important;}&#8220;]Dodan\u00fd text nebude prech\u00e1dza\u0165 jazykovou ani redak\u010dnou \u00fapravou, preto v\u00e1s pros\u00edme o jeho kvalitn\u00e9 spracovanie. Za vecn\u00fa a grafick\u00fa spr\u00e1vnos\u0165 zodpoved\u00e1 autor.[\/vc_column_text][vc_custom_heading text=&#8220;D\u00e1tum odovzdania&#8220; font_container=&#8220;tag:h5|font_size:16|text_align:left|color:%230a0a0a&#8220; google_fonts=&#8220;font_family:Roboto%3A100%2C100italic%2C300%2C300italic%2Cregular%2Citalic%2C500%2C500italic%2C700%2C700italic%2C900%2C900italic|font_style:700%20bold%20regular%3A700%3Anormal&#8220;][vc_column_text css=&#8220;.vc_custom_1721477257089{margin-bottom: 40px !important;}&#8220;]Pr\u00edspevok pros\u00edm za\u0161lite v elektronickej podobe najnesk\u00f4r do 31. okt\u00f3bra 2024 na e-mailov\u00fa adresu <a href=\"mailto:cieslar@havariekonstrukci.cz\"><u>cieslar@havariekonstrukci.cz<\/u><\/a>.[\/vc_column_text][\/vc_column][\/vc_row][vc_row type=&#8220;in_container&#8220; full_screen_row_position=&#8220;middle&#8220; column_margin=&#8220;default&#8220; column_direction=&#8220;default&#8220; column_direction_tablet=&#8220;default&#8220; column_direction_phone=&#8220;default&#8220; scene_position=&#8220;center&#8220; top_padding=&#8220;5%&#8220; constrain_group_1=&#8220;yes&#8220; bottom_padding=&#8220;5%&#8220; text_color=&#8220;dark&#8220; text_align=&#8220;left&#8220; row_border_radius=&#8220;none&#8220; row_border_radius_applies=&#8220;bg&#8220; overflow=&#8220;visible&#8220; overlay_strength=&#8220;0.3&#8243; gradient_direction=&#8220;left_to_right&#8220; shape_divider_color=&#8220;#333333&#8243; shape_divider_position=&#8220;top&#8220; shape_divider_height=&#8220;1px&#8220; bg_image_animation=&#8220;none&#8220; gradient_type=&#8220;default&#8220; shape_type=&#8220;straight_section&#8220;][vc_column column_padding=&#8220;no-extra-padding&#8220; column_padding_tablet=&#8220;inherit&#8220; column_padding_phone=&#8220;inherit&#8220; column_padding_position=&#8220;all&#8220; top_margin_tablet=&#8220;30px&#8220; top_margin_phone=&#8220;30px&#8220; column_element_direction_desktop=&#8220;default&#8220; column_element_spacing=&#8220;10px&#8220; desktop_text_alignment=&#8220;default&#8220; tablet_text_alignment=&#8220;center&#8220; phone_text_alignment=&#8220;center&#8220; background_color_opacity=&#8220;1&#8243; background_hover_color_opacity=&#8220;1&#8243; column_backdrop_filter=&#8220;none&#8220; column_shadow=&#8220;none&#8220; column_border_radius=&#8220;none&#8220; column_link_target=&#8220;_self&#8220; column_position=&#8220;default&#8220; gradient_direction=&#8220;left_to_right&#8220; overlay_strength=&#8220;0.3&#8243; width=&#8220;1\/2&#8243; tablet_width_inherit=&#8220;default&#8220; animation_type=&#8220;default&#8220; bg_image_animation=&#8220;none&#8220; border_type=&#8220;simple&#8220; column_border_width=&#8220;none&#8220; column_border_style=&#8220;solid&#8220; column_padding_type=&#8220;default&#8220; gradient_type=&#8220;default&#8220;][split_line_heading animation_type=&#8220;line-reveal-by-space&#8220; font_style=&#8220;h2&#8243; line_reveal_by_space_text_effect=&#8220;default&#8220; stagger_animation=&#8220;true&#8220; content_alignment=&#8220;default&#8220; mobile_content_alignment=&#8220;inherit&#8220; link_target=&#8220;_self&#8220; link_indicator=&#8220;true&#8220; link_indicator_bg_color=&#8220;#dd3333&#8243; link_indicator_icon_color=&#8220;#ffffff&#8220; text_content=&#8220;Bu\u010fte s\u00fa\u010das\u0165ou diskusie o bud\u00facnosti&#8220; font_size=&#8220;1.2vw&#8220; font_size_phone=&#8220;16px&#8220; link_href=&#8220;https:\/\/havariekonstrukci.cz\/konference-2024\/prihlasovani&#8220;][\/split_line_heading][split_line_heading animation_type=&#8220;line-reveal-by-space&#8220; font_style=&#8220;h2&#8243; line_reveal_by_space_text_effect=&#8220;default&#8220; stagger_animation=&#8220;true&#8220; content_alignment=&#8220;default&#8220; mobile_content_alignment=&#8220;inherit&#8220; link_target=&#8220;_self&#8220; link_indicator=&#8220;true&#8220; link_indicator_bg_color=&#8220;#dd3333&#8243; link_indicator_icon_color=&#8220;#ffffff&#8220; text_content=&#8220;bezpe\u010dnosti stavieb na Slovensku.&#8220; font_size=&#8220;1.2vw&#8220; font_size_phone=&#8220;16px&#8220; link_href=&#8220;https:\/\/havariekonstrukci.cz\/konference-2024\/prihlasovani&#8220;][\/split_line_heading][nectar_cta btn_style=&#8220;arrow-animation&#8220; heading_tag=&#8220;h6&#8243; button_color=&#8220;default&#8220; button_border_thickness=&#8220;0px&#8220; link_type=&#8220;regular&#8220; alignment=&#8220;left&#8220; alignment_tablet=&#8220;default&#8220; alignment_phone=&#8220;default&#8220; display=&#8220;block&#8220; display_tablet=&#8220;inherit&#8220; display_phone=&#8220;inherit&#8220; link_text=&#8220;Zabezpe\u010dte si svoje miesto.&#8220; url=&#8220;https:\/\/havariekonstrukci.cz\/konference-2024\/prihlasovani&#8220;][\/vc_column][vc_column column_padding=&#8220;no-extra-padding&#8220; column_padding_tablet=&#8220;inherit&#8220; column_padding_phone=&#8220;inherit&#8220; column_padding_position=&#8220;all&#8220; top_margin_tablet=&#8220;30px&#8220; top_margin_phone=&#8220;30px&#8220; column_element_direction_desktop=&#8220;default&#8220; column_element_spacing=&#8220;5px&#8220; desktop_text_alignment=&#8220;default&#8220; tablet_text_alignment=&#8220;center&#8220; phone_text_alignment=&#8220;center&#8220; background_color_opacity=&#8220;1&#8243; background_hover_color_opacity=&#8220;1&#8243; column_backdrop_filter=&#8220;none&#8220; column_shadow=&#8220;none&#8220; column_border_radius=&#8220;none&#8220; column_link_target=&#8220;_self&#8220; column_position=&#8220;default&#8220; gradient_direction=&#8220;left_to_right&#8220; overlay_strength=&#8220;0.3&#8243; width=&#8220;1\/4&#8243; tablet_width_inherit=&#8220;default&#8220; animation_type=&#8220;default&#8220; bg_image_animation=&#8220;none&#8220; border_type=&#8220;simple&#8220; column_border_width=&#8220;none&#8220; column_border_style=&#8220;solid&#8220; column_padding_type=&#8220;default&#8220; gradient_type=&#8220;default&#8220;][vc_column_text]\n<h5>Mana\u017e\u00e9r konferencie<\/h5>\n[\/vc_column_text][nectar_cta btn_style=&#8220;underline&#8220; heading_tag=&#8220;h4&#8243; button_color=&#8220;default&#8220; button_border_thickness=&#8220;0px&#8220; link_type=&#8220;regular&#8220; alignment=&#8220;left&#8220; alignment_tablet=&#8220;default&#8220; alignment_phone=&#8220;default&#8220; display=&#8220;block&#8220; display_tablet=&#8220;inherit&#8220; display_phone=&#8220;inherit&#8220; icon_family=&#8220;none&#8220; link_text=&#8220;Ing. Stanislav Cieslar&#8220; margin_top=&#8220;10&#8243; font_size_tablet=&#8220;16px&#8220; url=&#8220;mailto:cieslar@havariekonstrukci.cz&#8220;][nectar_cta btn_style=&#8220;underline&#8220; heading_tag=&#8220;h4&#8243; button_color=&#8220;default&#8220; button_border_thickness=&#8220;0px&#8220; link_type=&#8220;regular&#8220; alignment=&#8220;left&#8220; alignment_tablet=&#8220;default&#8220; alignment_phone=&#8220;default&#8220; display=&#8220;block&#8220; display_tablet=&#8220;inherit&#8220; display_phone=&#8220;inherit&#8220; icon_family=&#8220;none&#8220; link_text=&#8220;cieslar@havariekonstrukci.cz&#8220; font_size_tablet=&#8220;16px&#8220; url=&#8220;mailto:cieslar@havariekonstrukci.cz&#8220;][nectar_cta btn_style=&#8220;underline&#8220; heading_tag=&#8220;h4&#8243; button_color=&#8220;default&#8220; button_border_thickness=&#8220;0px&#8220; link_type=&#8220;new_tab&#8220; alignment=&#8220;left&#8220; alignment_tablet=&#8220;default&#8220; alignment_phone=&#8220;default&#8220; display=&#8220;block&#8220; display_tablet=&#8220;inherit&#8220; display_phone=&#8220;inherit&#8220; icon_family=&#8220;none&#8220; link_text=&#8220;+420 604 47 47 17&#8243; font_size_tablet=&#8220;16px&#8220; url=&#8220;tel.:+420 604 47 47 17&#8243;][\/vc_column][vc_column column_padding=&#8220;no-extra-padding&#8220; column_padding_tablet=&#8220;inherit&#8220; column_padding_phone=&#8220;inherit&#8220; column_padding_position=&#8220;all&#8220; top_margin_tablet=&#8220;30px&#8220; constrain_group_3=&#8220;yes&#8220; bottom_margin_tablet=&#8220;30px&#8220; top_margin_phone=&#8220;30px&#8220; constrain_group_5=&#8220;yes&#8220; bottom_margin_phone=&#8220;30px&#8220; column_element_direction_desktop=&#8220;default&#8220; column_element_spacing=&#8220;0px&#8220; desktop_text_alignment=&#8220;default&#8220; tablet_text_alignment=&#8220;center&#8220; phone_text_alignment=&#8220;center&#8220; background_color_opacity=&#8220;1&#8243; background_hover_color_opacity=&#8220;1&#8243; column_backdrop_filter=&#8220;none&#8220; column_shadow=&#8220;none&#8220; column_border_radius=&#8220;none&#8220; column_link_target=&#8220;_self&#8220; column_position=&#8220;default&#8220; gradient_direction=&#8220;left_to_right&#8220; overlay_strength=&#8220;0.3&#8243; width=&#8220;1\/4&#8243; tablet_width_inherit=&#8220;default&#8220; animation_type=&#8220;default&#8220; bg_image_animation=&#8220;none&#8220; border_type=&#8220;simple&#8220; column_border_width=&#8220;none&#8220; column_border_style=&#8220;solid&#8220; column_padding_type=&#8220;default&#8220; gradient_type=&#8220;default&#8220;][vc_column_text]\n<h5>Soci\u00e1lne siete<\/h5>\n[\/vc_column_text][nectar_cta btn_style=&#8220;underline&#8220; heading_tag=&#8220;h4&#8243; button_color=&#8220;default&#8220; text_color=&#8220;#000000&#8243; button_border_thickness=&#8220;0px&#8220; link_type=&#8220;new_tab&#8220; alignment=&#8220;left&#8220; alignment_tablet=&#8220;default&#8220; alignment_phone=&#8220;default&#8220; constrain_group_2=&#8220;yes&#8220; display=&#8220;block&#8220; display_tablet=&#8220;inherit&#8220; display_phone=&#8220;inherit&#8220; icon_family=&#8220;none&#8220; link_text=&#8220;LinkedIn&#8220; margin_top=&#8220;10&#8243; url=&#8220;https:\/\/www.linkedin.com\/company\/havariekonstrukci\/&#8220;][nectar_cta btn_style=&#8220;underline&#8220; heading_tag=&#8220;h4&#8243; button_color=&#8220;default&#8220; text_color=&#8220;#000000&#8243; button_border_thickness=&#8220;0px&#8220; link_type=&#8220;new_tab&#8220; alignment=&#8220;left&#8220; alignment_tablet=&#8220;default&#8220; alignment_phone=&#8220;default&#8220; constrain_group_4=&#8220;yes&#8220; display=&#8220;block&#8220; display_tablet=&#8220;inherit&#8220; display_phone=&#8220;inherit&#8220; icon_family=&#8220;none&#8220; link_text=&#8220;FaceBook&#8220; url=&#8220;https:\/\/www.facebook.com\/havariekonstrukci&#8220;][nectar_cta btn_style=&#8220;underline&#8220; heading_tag=&#8220;h4&#8243; button_color=&#8220;default&#8220; text_color=&#8220;#000000&#8243; button_border_thickness=&#8220;0px&#8220; link_type=&#8220;new_tab&#8220; alignment=&#8220;left&#8220; alignment_tablet=&#8220;default&#8220; alignment_phone=&#8220;default&#8220; constrain_group_4=&#8220;yes&#8220; display=&#8220;block&#8220; display_tablet=&#8220;inherit&#8220; display_phone=&#8220;inherit&#8220; icon_family=&#8220;none&#8220; link_text=&#8220;X (Twitter)&#8220; margin_bottom=&#8220;10&#8243; url=&#8220;https:\/\/x.com\/HavarieCz&#8220;][\/vc_column][\/vc_row]\n","protected":false},"excerpt":{"rendered":"<p>[vc_row type=&#8220;in_container&#8220; full_screen_row_position=&#8220;middle&#8220; column_margin=&#8220;default&#8220; column_direction=&#8220;default&#8220; column_direction_tablet=&#8220;default&#8220; column_direction_phone=&#8220;default&#8220; scene_position=&#8220;center&#8220; top_padding=&#8220;4%&#8220; bottom_padding=&#8220;2%&#8220; text_color=&#8220;dark&#8220; text_align=&#8220;left&#8220; row_border_radius=&#8220;none&#8220; row_border_radius_applies=&#8220;bg&#8220; overflow=&#8220;visible&#8220; overlay_strength=&#8220;0.3&#8243; gradient_direction=&#8220;left_to_right&#8220; shape_divider_position=&#8220;bottom&#8220; bg_image_animation=&#8220;none&#8220; gradient_type=&#8220;default&#8220; shape_type=&#8220;&#8220;][vc_column column_padding=&#8220;no-extra-padding&#8220; column_padding_tablet=&#8220;inherit&#8220; column_padding_phone=&#8220;inherit&#8220; column_padding_position=&#8220;all&#8220; column_element_direction_desktop=&#8220;default&#8220; column_element_spacing=&#8220;default&#8220; desktop_text_alignment=&#8220;default&#8220; tablet_text_alignment=&#8220;default&#8220; phone_text_alignment=&#8220;default&#8220;&#8230;<\/p>\n","protected":false},"author":1,"featured_media":0,"parent":2136,"menu_order":0,"comment_status":"closed","ping_status":"closed","template":"","meta":{"footnotes":""},"class_list":["post-2178","page","type-page","status-publish"],"_links":{"self":[{"href":"https:\/\/havariekonstrukci.cz\/sk\/wp-json\/wp\/v2\/pages\/2178","targetHints":{"allow":["GET"]}}],"collection":[{"href":"https:\/\/havariekonstrukci.cz\/sk\/wp-json\/wp\/v2\/pages"}],"about":[{"href":"https:\/\/havariekonstrukci.cz\/sk\/wp-json\/wp\/v2\/types\/page"}],"author":[{"embeddable":true,"href":"https:\/\/havariekonstrukci.cz\/sk\/wp-json\/wp\/v2\/users\/1"}],"replies":[{"embeddable":true,"href":"https:\/\/havariekonstrukci.cz\/sk\/wp-json\/wp\/v2\/comments?post=2178"}],"version-history":[{"count":1,"href":"https:\/\/havariekonstrukci.cz\/sk\/wp-json\/wp\/v2\/pages\/2178\/revisions"}],"predecessor-version":[{"id":2179,"href":"https:\/\/havariekonstrukci.cz\/sk\/wp-json\/wp\/v2\/pages\/2178\/revisions\/2179"}],"up":[{"embeddable":true,"href":"https:\/\/havariekonstrukci.cz\/sk\/wp-json\/wp\/v2\/pages\/2136"}],"wp:attachment":[{"href":"https:\/\/havariekonstrukci.cz\/sk\/wp-json\/wp\/v2\/media?parent=2178"}],"curies":[{"name":"wp","href":"https:\/\/api.w.org\/{rel}","templated":true}]}}